{"id":13767,"date":"2024-05-14T20:31:51","date_gmt":"2024-05-14T18:31:51","guid":{"rendered":"https:\/\/www.bunker-swiss.com\/?page_id=13767"},"modified":"2024-11-21T09:25:26","modified_gmt":"2024-11-21T08:25:26","slug":"allgemeine-nutzungsbedingungen","status":"publish","type":"page","link":"https:\/\/www.bunker-swiss.com\/de\/conditions-generales-utilisation\/","title":{"rendered":"Nutzungsbedingungen"},"content":{"rendered":"<div data-elementor-type=\"wp-page\" data-elementor-id=\"13767\" class=\"elementor elementor-13767\" data-elementor-post-type=\"page\">\n\t\t\t\t\t\t<section class=\"elementor-section elementor-top-section elementor-element elementor-element-1e65dad elementor-section-height-min-height elementor-section-boxed elementor-section-height-default elementor-section-items-middle\" data-id=\"1e65dad\" data-element_type=\"section\" data-e-type=\"section\" data-settings=\"{&quot;background_background&quot;:&quot;classic&quot;}\">\n\t\t\t\t\t\t\t<div class=\"elementor-background-overlay\"><\/div>\n\t\t\t\t\t\t\t<div class=\"elementor-container elementor-column-gap-default\">\n\t\t\t\t\t<div class=\"elementor-column elementor-col-100 elementor-top-column elementor-element elementor-element-356054c\" data-id=\"356054c\" data-element_type=\"column\" data-e-type=\"column\">\n\t\t\t<div class=\"elementor-widget-wrap\">\n\t\t\t\t\t\t\t<\/div>\n\t\t<\/div>\n\t\t\t\t\t<\/div>\n\t\t<\/section>\n\t\t\t\t<section class=\"elementor-section elementor-top-section elementor-element elementor-element-7221d0d elementor-section-boxed elementor-section-height-default elementor-section-height-default\" data-id=\"7221d0d\" data-element_type=\"section\" data-e-type=\"section\">\n\t\t\t\t\t\t<div class=\"elementor-container elementor-column-gap-default\">\n\t\t\t\t\t<div class=\"elementor-column elementor-col-100 elementor-top-column elementor-element elementor-element-440208d\" data-id=\"440208d\" data-element_type=\"column\" data-e-type=\"column\">\n\t\t\t<div class=\"elementor-widget-wrap elementor-element-populated\">\n\t\t\t\t\t\t<div class=\"elementor-element elementor-element-758ae3c elementor-widget elementor-widget-heading\" data-id=\"758ae3c\" data-element_type=\"widget\" data-e-type=\"widget\" data-settings=\"{&quot;_animation&quot;:&quot;none&quot;}\" data-widget_type=\"heading.default\">\n\t\t\t\t<div class=\"elementor-widget-container\">\n\t\t\t\t\t<h1 class=\"elementor-heading-title elementor-size-default\">Allgemeine Nutzungsbedingungen<\/h1>\t\t\t\t<\/div>\n\t\t\t\t<\/div>\n\t\t\t\t<div class=\"elementor-element elementor-element-c508f5e elementor-widget elementor-widget-text-editor\" data-id=\"c508f5e\" data-element_type=\"widget\" data-e-type=\"widget\" data-widget_type=\"text-editor.default\">\n\t\t\t\t<div class=\"elementor-widget-container\">\n\t\t\t\t\t\t\t\t\t<p>Zuletzt aktualisiert am 12.12.2023<\/p>\t\t\t\t\t\t\t\t<\/div>\n\t\t\t\t<\/div>\n\t\t\t\t\t<\/div>\n\t\t<\/div>\n\t\t\t\t\t<\/div>\n\t\t<\/section>\n\t\t\t\t<section class=\"elementor-section elementor-top-section elementor-element elementor-element-61f02fb elementor-section-boxed elementor-section-height-default elementor-section-height-default\" data-id=\"61f02fb\" data-element_type=\"section\" data-e-type=\"section\">\n\t\t\t\t\t\t<div class=\"elementor-container elementor-column-gap-default\">\n\t\t\t\t\t<div class=\"elementor-column elementor-col-100 elementor-top-column elementor-element elementor-element-7557ecd\" data-id=\"7557ecd\" data-element_type=\"column\" data-e-type=\"column\">\n\t\t\t<div class=\"elementor-widget-wrap elementor-element-populated\">\n\t\t\t\t\t\t<div class=\"elementor-element elementor-element-82c6392 elementor-widget elementor-widget-text-editor\" data-id=\"82c6392\" data-element_type=\"widget\" data-e-type=\"widget\" data-widget_type=\"text-editor.default\">\n\t\t\t\t<div class=\"elementor-widget-container\">\n\t\t\t\t\t\t\t\t\t<h3><strong>Wichtige rechtliche Informationen<\/strong><\/h3><p>Diese Allgemeinen Gesch\u00e4ftsbedingungen stellen Ihnen Informationen und rechtliche Links im Zusammenhang mit der Nutzung der Website zur Verf\u00fcgung. <a href=\"https:\/\/www.bunker-swiss.com\/de\/\">www.bunker-swiss.com<\/a> \u00bb (im Folgenden \u201eBunker Swiss\u201c genannt) und seine Nutzer. Mit dem Zugriff auf die Website von Bunker Swiss erkl\u00e4ren Sie, dass Sie die folgenden rechtlichen Informationen zur Nutzung der Website gelesen und verstanden haben und die Nutzungsbedingungen akzeptieren. Wenn Sie mit diesen Nutzungsbedingungen nicht einverstanden sind, sehen Sie bitte davon ab, auf andere Seiten der Bunker Swiss-Website zuzugreifen.<\/p><h3><strong>Website-Eigentum<\/strong><\/h3><p>Die Website ist ausschlie\u00dfliches Eigentum der Firma Bunker Swiss S\u00e0rl (im Folgenden \u201eBunker Swiss\u201c). Die Inhaltsverwaltung und Pflege der Website erfolgt durch Bunker Swiss. Alle Kontaktinformationen finden Sie unter: <a href=\"https:\/\/www.bunker-swiss.com\/de\/kontakt-bunker-swiss\/\">https:\/\/www.bunker-swiss.com\/contactez-bunker-swiss\/<\/a>.<\/p><h3><strong>Geistiges Eigentum<\/strong><\/h3><p>Bunker Swiss besitzt s\u00e4mtliche mit der Erstellung und Verbreitung verbundenen Rechte (Urheberrechte) an allen auf dieser Website verf\u00fcgbaren Informationen und Inhalten. Dies umfasst unter anderem das Design, den Inhalt, die Ver\u00f6ffentlichungen und die Softwareanwendungen der Website.<\/p><p>Durch den Zugriff, das Herunterladen oder das Kopieren von Daten von der Website werden keinerlei Rechte an den auf der Bunker Swiss-Website vorhandenen Elementen gew\u00e4hrt. Die Nutzung der Bunker Swiss-Website unterliegt den folgenden Bedingungen:<\/p><ul><li>Bunker Swiss stellt auf der Website Informationen zu den angebotenen Diensten bereit. F\u00fcr jede kommerzielle Nutzung dieser Informationen ist die vorherige Zustimmung von Bunker Swiss erforderlich. Zur kommerziellen Verwertung geh\u00f6rt insbesondere die Erbringung von Dienstleistungen auf Basis der auf der Bunker Swiss-Website ver\u00f6ffentlichten Daten. Antr\u00e4ge auf Genehmigung einer solchen Nutzung k\u00f6nnen an folgende Adresse gerichtet werden: <a href=\"mailto:info@bunker-swiss.com\">info@bunker-swiss.com<\/a>.<\/li><li>Besucher der Bunker Swiss-Website erkl\u00e4ren sich damit einverstanden, die Informationen und Inhalte der Website nur zu Informationszwecken oder zur Inanspruchnahme einer der von Bunker Swiss bereitgestellten Dienste zu nutzen. Es ist ihnen untersagt, die verf\u00fcgbaren Informationen online oder in anderer Form zu kopieren, zu ver\u00f6ffentlichen oder zu reproduzieren.<\/li><li>Hyperlinks zu den auf der Bunker Swiss-Website angebotenen Diensten sind zul\u00e4ssig, sofern die Bunker Swiss-Website eindeutig als Quelle dieser Dienste identifiziert wird. Wenn ein Link zu den Diensten der Bunker Swiss-Website hergestellt wird, informieren Sie bitte Bunker Swiss, um m\u00f6gliche \u00c4nderungen an der Website vorwegzunehmen (<a href=\"mailto:info@bunker-swiss.com\">info@bunker-swiss.com<\/a>). Bunker Swiss beh\u00e4lt sich das Recht vor, im Falle einer Verletzung seines Urheberrechts rechtliche Schritte einzuleiten.<\/li><\/ul><h3><strong>3D-Bilder und Darstellungen<\/strong><\/h3><p>Die Bilder und 3D-Darstellungen auf der Bunker Swiss-Website dienen ausschlie\u00dflich Informationszwecken. Sie sollen einen allgemeinen \u00dcberblick \u00fcber die von Bunker Swiss angebotenen Produkte und Dienstleistungen geben. Diese Bilder und Darstellungen sind nicht vertraglich und k\u00f6nnen nicht die Verantwortung von Bunker Swiss \u00fcbernehmen. Die genauen Beschreibungen und Eigenschaften der Produkte und Dienstleistungen k\u00f6nnen den von Bunker Swiss zur Verf\u00fcgung gestellten Vertragsunterlagen entnommen werden.<\/p><h3><strong>Datenschutz<\/strong><\/h3><p>Vielen Dank f\u00fcr Ihren Besuch auf der folgenden Seite: <a href=\"https:\/\/www.bunker-swiss.com\/de\/datenschutz\/\">https:\/\/www.bunker-swiss.com\/protection-des-donnees\/<\/a><\/p><h3><strong>Kein Angebot bez\u00fcglich der angebotenen Dienstleistungen<\/strong><\/h3><p>Die auf der Website von Bunker Swiss ver\u00f6ffentlichten Informationen zu den angebotenen Dienstleistungen stellen keine verbindlichen oder endg\u00fcltigen Angebote dar. Als verbindliche bzw. endg\u00fcltige Angebote gelten ausschlie\u00dflich die von Bunker Swiss zur Verf\u00fcgung gestellten Vertragsunterlagen.<\/p><h3><strong>Haftungsausschluss<\/strong><\/h3><p>Bunker Swiss verpflichtet sich, auf der Bunker Swiss-Website korrekte und regelm\u00e4\u00dfig aktualisierte Informationen bereitzustellen. Sie bietet diese Informationen jedoch ohne Gew\u00e4hr hinsichtlich ihrer Richtigkeit, Aktualit\u00e4t, Vollst\u00e4ndigkeit oder Zuverl\u00e4ssigkeit an. Sie \u00fcbernimmt auch keine Gew\u00e4hr f\u00fcr die st\u00e4ndige Verf\u00fcgbarkeit der Website oder die Freiheit von Viren oder M\u00e4ngeln. Folglich lehnt Bunker Swiss jede Haftung f\u00fcr direkte oder indirekte Sch\u00e4den oder Verluste ab, die sich aus dem Zugriff auf die Website von Bunker Swiss, aus der Nutzung der darin enthaltenen Informationen oder aus der Unm\u00f6glichkeit der Nutzung dieser Informationen ergeben. Sie \u00fcbernimmt keine Verantwortung f\u00fcr technische Probleme, \u00dcbertragungsfehler, \u00dcberlastungen, Unterbrechungen (einschlie\u00dflich Wartungsarbeiten), Verz\u00f6gerungen bei der Verbreitung von Informationen, Inkompatibilit\u00e4ten zwischen der Bunker Swiss-Website und der Hardware oder Software des Benutzers oder b\u00f6swillige Handlungen wie Viren oder Eindringlinge oder Hacken. Eine Haftung f\u00fcr Handlungen, die auf die St\u00f6rung von Telekommunikationsdiensten abzielen, wie z. B. Massen-E-Mail-Versand oder Denial-of-Service-Angriffe, wird ebenfalls ausgeschlossen. Innerhalb der gesetzlich vorgesehenen Grenzen lehnt Bunker Swiss, einschlie\u00dflich seiner Direktoren, Manager, Mitarbeiter und Mitarbeiter, jegliche Haftung ab, die sich aus dem Zugriff auf oder der Nutzung der Bunker Swiss-Website ergibt.<\/p><h3><strong>Kommunikationsmittel<\/strong><\/h3><p>Um eine transparente und effektive Kommunikation mit den Nutzern der Bunker Swiss-Website aufrechtzuerhalten, nutzen wir die folgenden verschiedenen Kommunikationskan\u00e4le:<\/p><ul><li><strong>Email :<\/strong> Dieser Kanal wird f\u00fcr die direkte und formelle Kommunikation bevorzugt.<\/li><li><strong>Newsletter:<\/strong> Regelm\u00e4\u00dfig erhalten Nutzer, die sich anmelden m\u00f6chten, unseren Newsletter mit relevanten Neuigkeiten und unseren exklusiven Angeboten.<\/li><li><strong>Telefon :<\/strong> Wir nutzen das Telefon haupts\u00e4chlich f\u00fcr den Kundenservice und einige wichtige Best\u00e4tigungen.<\/li><li><strong>Nachrichtendienst (SMS):<\/strong> Ob f\u00fcr die Kommunikation im In- oder Ausland, SMS ist f\u00fcr uns eine schnelle und direkte M\u00f6glichkeit, mit Ihnen zu kommunizieren.<\/li><li><strong>WhatsApp:<\/strong> Dieser Service erm\u00f6glicht es uns, sofort mit Ihnen zu kommunizieren, Ihnen Angebote und Neuigkeiten anzubieten und gleichzeitig auf Ihre Anfragen zu reagieren.<\/li><\/ul><p>W\u00e4hrend Ihrer Interaktion mit der Bunker Swiss-Website, insbesondere beim Versenden von Formularen, bitten wir Sie, ein bestimmtes K\u00e4stchen anzukreuzen, um Ihre Einwilligung zur Kontaktaufnahme \u00fcber diese verschiedenen Kommunikationskan\u00e4le zu erteilen. Wenn Sie zu irgendeinem Zeitpunkt Ihre Kommunikationseinstellungen \u00e4ndern oder ein Abonnement widerrufen m\u00f6chten, k\u00f6nnen Sie Folgendes tun:<\/p><ul><li><strong>Email :<\/strong> Bitten Sie Ihren Ansprechpartner einfach per E-Mail, Sie nicht mehr zu kontaktieren und\/oder Ihre Kontaktmethode zu \u00e4ndern.<\/li><li><strong>Newsletter:<\/strong> Klicken Sie unten in jeder E-Mail auf den direkten Abmeldelink.<\/li><li><strong>Telefon :<\/strong> Teilen Sie dem Operator w\u00e4hrend eines Anrufs m\u00fcndlich mit, dass Sie nicht mehr kontaktiert werden m\u00f6chten und\/oder dass Sie Ihre Kontaktmethode \u00e4ndern m\u00f6chten.<\/li><li><strong>Nachrichtendienst (SMS):<\/strong> Senden Sie einfach die Nachricht \u201eSTOP\u201c, um keine Nachrichten mehr von uns zu erhalten.<\/li><li><strong>WhatsApp:<\/strong> Senden Sie einfach die Nachricht \u201eSTOP\u201c, um keine WhatsApp-Nachrichten mehr von uns zu erhalten.<\/li><\/ul><p>In jedem Fall k\u00f6nnen Sie Ihre Kommunikationseinstellungen auch per E-Mail an folgende Adresse \u00e4ndern oder ein Abonnement widerrufen: <a href=\"mailto:info@bunker-swiss.com\">info@bunker-swiss.com<\/a><\/p><h3><strong>Hyperlinks<\/strong><\/h3><p>Bunker Swiss hat die Websites Dritter, auf die die Bunker Swiss-Website m\u00f6glicherweise \u00fcber einen Hyperlink verweist, nicht \u00fcberpr\u00fcft und \u00fcbernimmt daher keine Verantwortung f\u00fcr deren Inhalt. Das Herstellen von Verbindungen zu Websites Dritter erfolgt auf Ihr eigenes Risiko.<\/p><h3><strong>Haftungsausschluss f\u00fcr \u00dcbersetzungen<\/strong><\/h3><p>Diese Website nutzt die \u00dcbersetzungsdienste von TranslatePress und Google Translate. Obwohl wir unser Bestes getan haben, um genaue \u00dcbersetzungen zu gew\u00e4hrleisten, garantieren diese Tools keine absolute Perfektion. \u00dcbersetzungen werden ohne Gew\u00e4hr f\u00fcr Richtigkeit oder Zuverl\u00e4ssigkeit bereitgestellt. Die franz\u00f6sische Version der Bunker Swiss-Website ist die offizielle Referenz. Ungenauigkeiten oder Unterschiede in den \u00fcbersetzten Versionen sind unverbindlich und haben keine rechtliche Bedeutung. Genaue Informationen finden Sie in der franz\u00f6sischen Version. Einige Teile der Website, wie zum Beispiel Bilder oder Videos, werden aufgrund der Einschr\u00e4nkungen dieser Tools m\u00f6glicherweise nicht korrekt \u00fcbersetzt. Bunker Swiss lehnt jede Verantwortung f\u00fcr m\u00f6gliche Probleme oder Ungenauigkeiten im Zusammenhang mit der \u00dcbersetzung ab.<\/p><h3><strong>Eine \u00c4nderung dieser Allgemeinen Nutzungsbedingungen ist jederzeit m\u00f6glich<\/strong><\/h3><p>Bunker Swiss beh\u00e4lt sich das Recht vor, diese Nutzungsbedingungen jederzeit zu \u00e4ndern. In der zweiten Zeile dieser Allgemeinen Nutzungsbedingungen ist das Datum der letzten Aktualisierung angegeben.<\/p><h3><strong>Gerichtsstand, anwendbares Recht, Teilnichtigkeit und Sprache<\/strong><\/h3><p>Das zust\u00e4ndige Gericht zur Entscheidung aller Streitigkeiten, die sich aus oder im Zusammenhang mit diesen Allgemeinen Nutzungsbedingungen ergeben, ist der Sitz des Unternehmens. Bunker Swiss beh\u00e4lt sich dennoch das Recht vor, die Streitigkeit vor jedem anderen Gerichtsstand zu bringen, dem Sie normalerweise vertrauen w\u00fcrden.<\/p><p>Sollte sich eine Klausel dieser Allgemeinen Nutzungsbedingungen als ung\u00fcltig, ungeeignet oder nicht anwendbar erweisen, hat dies keinen Einfluss auf die G\u00fcltigkeit oder Anwendbarkeit der \u00fcbrigen Klauseln. Die entsprechende Klausel w\u00fcrde dann durch eine andere ersetzt, die zwar g\u00fcltig und durchsetzbar ist, aber die Absicht und das Ziel der urspr\u00fcnglichen Klausel so weit wie m\u00f6glich respektiert.<\/p><p>Ma\u00dfgebend ist ausschlie\u00dflich die franz\u00f6sische Fassung der Allgemeinen Nutzungsbedingungen.<\/p>\t\t\t\t\t\t\t\t<\/div>\n\t\t\t\t<\/div>\n\t\t\t\t\t<\/div>\n\t\t<\/div>\n\t\t\t\t\t<\/div>\n\t\t<\/section>\n\t\t\t\t<\/div>","protected":false},"excerpt":{"rendered":"<p>Conditions g\u00e9n\u00e9rales d&rsquo;utilisation Derni\u00e8re mise \u00e0 jour le 12.12.2023 Informations juridiques importantes Les pr\u00e9sentes conditions g\u00e9n\u00e9rales vous renseignent sur les informations et les liens juridiques li\u00e9s \u00e0 l\u2019utilisation du site Web \u00ab www.bunker-swiss.com \u00bb (nomm\u00e9e ci-apr\u00e8s \u00ab Bunker Swiss \u00bb) et ses utilisateurs. En acc\u00e9dant au site Web de Bunker Swiss, vous d\u00e9clarez avoir lu [&hellip;]<\/p>\n","protected":false},"author":3,"featured_media":15751,"parent":0,"menu_order":0,"comment_status":"closed","ping_status":"closed","template":"elementor_header_footer","meta":{"footnotes":""},"class_list":["post-13767","page","type-page","status-publish","has-post-thumbnail","hentry"],"yoast_head":"<!-- This site is optimized with the Yoast SEO plugin v27.4 - https:\/\/yoast.com\/product\/yoast-seo-wordpress\/ -->\n<title>Conditions g\u00e9n\u00e9rales d&#039;utilisation des sites de Bunker Swiss (CGU)<\/title>\n<meta name=\"description\" content=\"Nos conditions g\u00e9n\u00e9rales d&#039;utilisation des sites Web de la soci\u00e9t\u00e9 Bunker Swiss. Contactez-nous pour toutes questions relatives \u00e0 nos CGU.\" \/>\n<meta name=\"robots\" content=\"index, follow, max-snippet:-1, max-image-preview:large, max-video-preview:-1\" \/>\n<link rel=\"canonical\" href=\"https:\/\/www.bunker-swiss.com\/de\/allgemeine-nutzungsbedingungen\/\" \/>\n<meta property=\"og:locale\" content=\"de_DE\" \/>\n<meta property=\"og:type\" content=\"article\" \/>\n<meta property=\"og:title\" content=\"Conditions g\u00e9n\u00e9rales d&#039;utilisation des sites de Bunker Swiss (CGU)\" \/>\n<meta property=\"og:description\" content=\"Nos conditions g\u00e9n\u00e9rales d&#039;utilisation des sites Web de la soci\u00e9t\u00e9 Bunker Swiss. Contactez-nous pour toutes questions relatives \u00e0 nos CGU.\" \/>\n<meta property=\"og:url\" content=\"https:\/\/www.bunker-swiss.com\/de\/allgemeine-nutzungsbedingungen\/\" \/>\n<meta property=\"og:site_name\" content=\"Bunker Swiss\" \/>\n<meta property=\"article:modified_time\" content=\"2024-11-21T08:25:26+00:00\" \/>\n<meta property=\"og:image\" content=\"https:\/\/www.bunker-swiss.com\/wp-content\/uploads\/2024\/06\/CGU_IMA.webp\" \/>\n\t<meta property=\"og:image:width\" content=\"1200\" \/>\n\t<meta property=\"og:image:height\" content=\"630\" \/>\n\t<meta property=\"og:image:type\" content=\"image\/webp\" \/>\n<meta name=\"twitter:card\" content=\"summary_large_image\" \/>\n<meta name=\"twitter:label1\" content=\"Gesch\u00e4tzte Lesezeit\" \/>\n\t<meta name=\"twitter:data1\" content=\"8\u00a0Minuten\" \/>\n<script type=\"application\/ld+json\" class=\"yoast-schema-graph\">{\"@context\":\"https:\\\/\\\/schema.org\",\"@graph\":[{\"@type\":\"WebPage\",\"@id\":\"https:\\\/\\\/www.bunker-swiss.com\\\/conditions-generales-utilisation\\\/\",\"url\":\"https:\\\/\\\/www.bunker-swiss.com\\\/conditions-generales-utilisation\\\/\",\"name\":\"Conditions g\u00e9n\u00e9rales d'utilisation des sites de Bunker Swiss (CGU)\",\"isPartOf\":{\"@id\":\"https:\\\/\\\/www.bunker-swiss.com\\\/#website\"},\"primaryImageOfPage\":{\"@id\":\"https:\\\/\\\/www.bunker-swiss.com\\\/conditions-generales-utilisation\\\/#primaryimage\"},\"image\":{\"@id\":\"https:\\\/\\\/www.bunker-swiss.com\\\/conditions-generales-utilisation\\\/#primaryimage\"},\"thumbnailUrl\":\"https:\\\/\\\/www.bunker-swiss.com\\\/wp-content\\\/uploads\\\/2024\\\/06\\\/CGU_IMA.webp\",\"datePublished\":\"2024-05-14T18:31:51+00:00\",\"dateModified\":\"2024-11-21T08:25:26+00:00\",\"description\":\"Nos conditions g\u00e9n\u00e9rales d'utilisation des sites Web de la soci\u00e9t\u00e9 Bunker Swiss. Contactez-nous pour toutes questions relatives \u00e0 nos CGU.\",\"breadcrumb\":{\"@id\":\"https:\\\/\\\/www.bunker-swiss.com\\\/conditions-generales-utilisation\\\/#breadcrumb\"},\"inLanguage\":\"de\",\"potentialAction\":[{\"@type\":\"ReadAction\",\"target\":[\"https:\\\/\\\/www.bunker-swiss.com\\\/conditions-generales-utilisation\\\/\"]}]},{\"@type\":\"ImageObject\",\"inLanguage\":\"de\",\"@id\":\"https:\\\/\\\/www.bunker-swiss.com\\\/conditions-generales-utilisation\\\/#primaryimage\",\"url\":\"https:\\\/\\\/www.bunker-swiss.com\\\/wp-content\\\/uploads\\\/2024\\\/06\\\/CGU_IMA.webp\",\"contentUrl\":\"https:\\\/\\\/www.bunker-swiss.com\\\/wp-content\\\/uploads\\\/2024\\\/06\\\/CGU_IMA.webp\",\"width\":1200,\"height\":630,\"caption\":\"bunker\"},{\"@type\":\"BreadcrumbList\",\"@id\":\"https:\\\/\\\/www.bunker-swiss.com\\\/conditions-generales-utilisation\\\/#breadcrumb\",\"itemListElement\":[{\"@type\":\"ListItem\",\"position\":1,\"name\":\"Accueil\",\"item\":\"https:\\\/\\\/www.bunker-swiss.com\\\/\"},{\"@type\":\"ListItem\",\"position\":2,\"name\":\"Conditions g\u00e9n\u00e9rales d&rsquo;utilisation\"}]},{\"@type\":\"WebSite\",\"@id\":\"https:\\\/\\\/www.bunker-swiss.com\\\/#website\",\"url\":\"https:\\\/\\\/www.bunker-swiss.com\\\/\",\"name\":\"Bunker Swiss\",\"description\":\"Bunker\",\"publisher\":{\"@id\":\"https:\\\/\\\/www.bunker-swiss.com\\\/#organization\"},\"alternateName\":\"Bunker Swiss\",\"potentialAction\":[{\"@type\":\"SearchAction\",\"target\":{\"@type\":\"EntryPoint\",\"urlTemplate\":\"https:\\\/\\\/www.bunker-swiss.com\\\/?s={search_term_string}\"},\"query-input\":{\"@type\":\"PropertyValueSpecification\",\"valueRequired\":true,\"valueName\":\"search_term_string\"}}],\"inLanguage\":\"de\"},{\"@type\":\"Organization\",\"@id\":\"https:\\\/\\\/www.bunker-swiss.com\\\/#organization\",\"name\":\"Bunker Swiss\",\"alternateName\":\"Bunker Swiss\",\"url\":\"https:\\\/\\\/www.bunker-swiss.com\\\/\",\"logo\":{\"@type\":\"ImageObject\",\"inLanguage\":\"de\",\"@id\":\"https:\\\/\\\/www.bunker-swiss.com\\\/#\\\/schema\\\/logo\\\/image\\\/\",\"url\":\"https:\\\/\\\/www.bunker-swiss.com\\\/wp-content\\\/uploads\\\/2024\\\/05\\\/Bunker-Favicon-280-\u00d7-280-px.webp\",\"contentUrl\":\"https:\\\/\\\/www.bunker-swiss.com\\\/wp-content\\\/uploads\\\/2024\\\/05\\\/Bunker-Favicon-280-\u00d7-280-px.webp\",\"width\":280,\"height\":280,\"caption\":\"Bunker Swiss\"},\"image\":{\"@id\":\"https:\\\/\\\/www.bunker-swiss.com\\\/#\\\/schema\\\/logo\\\/image\\\/\"}}]}<\/script>\n<!-- \/ Yoast SEO plugin. -->","yoast_head_json":{"title":"Allgemeine Nutzungsbedingungen der Bunker Swiss-Standorte (CGU)","description":"Unsere Allgemeinen Nutzungsbedingungen der Bunker Swiss-Unternehmenswebsites. Kontaktieren Sie uns bei Fragen zu unseren AGB.","robots":{"index":"index","follow":"follow","max-snippet":"max-snippet:-1","max-image-preview":"max-image-preview:large","max-video-preview":"max-video-preview:-1"},"canonical":"https:\/\/www.bunker-swiss.com\/de\/allgemeine-nutzungsbedingungen\/","og_locale":"de_DE","og_type":"article","og_title":"Conditions g\u00e9n\u00e9rales d'utilisation des sites de Bunker Swiss (CGU)","og_description":"Nos conditions g\u00e9n\u00e9rales d'utilisation des sites Web de la soci\u00e9t\u00e9 Bunker Swiss. Contactez-nous pour toutes questions relatives \u00e0 nos CGU.","og_url":"https:\/\/www.bunker-swiss.com\/de\/allgemeine-nutzungsbedingungen\/","og_site_name":"Bunker Swiss","article_modified_time":"2024-11-21T08:25:26+00:00","og_image":[{"width":1200,"height":630,"url":"https:\/\/www.bunker-swiss.com\/wp-content\/uploads\/2024\/06\/CGU_IMA.webp","type":"image\/webp"}],"twitter_card":"summary_large_image","twitter_misc":{"Gesch\u00e4tzte Lesezeit":"8\u00a0Minuten"},"schema":{"@context":"https:\/\/schema.org","@graph":[{"@type":"WebPage","@id":"https:\/\/www.bunker-swiss.com\/conditions-generales-utilisation\/","url":"https:\/\/www.bunker-swiss.com\/conditions-generales-utilisation\/","name":"Allgemeine Nutzungsbedingungen der Bunker Swiss-Standorte (CGU)","isPartOf":{"@id":"https:\/\/www.bunker-swiss.com\/#website"},"primaryImageOfPage":{"@id":"https:\/\/www.bunker-swiss.com\/conditions-generales-utilisation\/#primaryimage"},"image":{"@id":"https:\/\/www.bunker-swiss.com\/conditions-generales-utilisation\/#primaryimage"},"thumbnailUrl":"https:\/\/www.bunker-swiss.com\/wp-content\/uploads\/2024\/06\/CGU_IMA.webp","datePublished":"2024-05-14T18:31:51+00:00","dateModified":"2024-11-21T08:25:26+00:00","description":"Unsere Allgemeinen Nutzungsbedingungen der Bunker Swiss-Unternehmenswebsites. Kontaktieren Sie uns bei Fragen zu unseren AGB.","breadcrumb":{"@id":"https:\/\/www.bunker-swiss.com\/conditions-generales-utilisation\/#breadcrumb"},"inLanguage":"de","potentialAction":[{"@type":"ReadAction","target":["https:\/\/www.bunker-swiss.com\/conditions-generales-utilisation\/"]}]},{"@type":"ImageObject","inLanguage":"de","@id":"https:\/\/www.bunker-swiss.com\/conditions-generales-utilisation\/#primaryimage","url":"https:\/\/www.bunker-swiss.com\/wp-content\/uploads\/2024\/06\/CGU_IMA.webp","contentUrl":"https:\/\/www.bunker-swiss.com\/wp-content\/uploads\/2024\/06\/CGU_IMA.webp","width":1200,"height":630,"caption":"bunker"},{"@type":"BreadcrumbList","@id":"https:\/\/www.bunker-swiss.com\/conditions-generales-utilisation\/#breadcrumb","itemListElement":[{"@type":"ListItem","position":1,"name":"Accueil","item":"https:\/\/www.bunker-swiss.com\/"},{"@type":"ListItem","position":2,"name":"Conditions g\u00e9n\u00e9rales d&rsquo;utilisation"}]},{"@type":"WebSite","@id":"https:\/\/www.bunker-swiss.com\/#website","url":"https:\/\/www.bunker-swiss.com\/","name":"Schweizer Bunker","description":"Bunker","publisher":{"@id":"https:\/\/www.bunker-swiss.com\/#organization"},"alternateName":"Bunker Swiss","potentialAction":[{"@type":"SearchAction","target":{"@type":"EntryPoint","urlTemplate":"https:\/\/www.bunker-swiss.com\/?s={search_term_string}"},"query-input":{"@type":"PropertyValueSpecification","valueRequired":true,"valueName":"search_term_string"}}],"inLanguage":"de"},{"@type":"Organization","@id":"https:\/\/www.bunker-swiss.com\/#organization","name":"Schweizer Bunker","alternateName":"Bunker Swiss","url":"https:\/\/www.bunker-swiss.com\/","logo":{"@type":"ImageObject","inLanguage":"de","@id":"https:\/\/www.bunker-swiss.com\/#\/schema\/logo\/image\/","url":"https:\/\/www.bunker-swiss.com\/wp-content\/uploads\/2024\/05\/Bunker-Favicon-280-\u00d7-280-px.webp","contentUrl":"https:\/\/www.bunker-swiss.com\/wp-content\/uploads\/2024\/05\/Bunker-Favicon-280-\u00d7-280-px.webp","width":280,"height":280,"caption":"Bunker Swiss"},"image":{"@id":"https:\/\/www.bunker-swiss.com\/#\/schema\/logo\/image\/"}}]}},"_links":{"self":[{"href":"https:\/\/www.bunker-swiss.com\/de\/wp-json\/wp\/v2\/pages\/13767","targetHints":{"allow":["GET"]}}],"collection":[{"href":"https:\/\/www.bunker-swiss.com\/de\/wp-json\/wp\/v2\/pages"}],"about":[{"href":"https:\/\/www.bunker-swiss.com\/de\/wp-json\/wp\/v2\/types\/page"}],"author":[{"embeddable":true,"href":"https:\/\/www.bunker-swiss.com\/de\/wp-json\/wp\/v2\/users\/3"}],"replies":[{"embeddable":true,"href":"https:\/\/www.bunker-swiss.com\/de\/wp-json\/wp\/v2\/comments?post=13767"}],"version-history":[{"count":3,"href":"https:\/\/www.bunker-swiss.com\/de\/wp-json\/wp\/v2\/pages\/13767\/revisions"}],"predecessor-version":[{"id":21250,"href":"https:\/\/www.bunker-swiss.com\/de\/wp-json\/wp\/v2\/pages\/13767\/revisions\/21250"}],"wp:featuredmedia":[{"embeddable":true,"href":"https:\/\/www.bunker-swiss.com\/de\/wp-json\/wp\/v2\/media\/15751"}],"wp:attachment":[{"href":"https:\/\/www.bunker-swiss.com\/de\/wp-json\/wp\/v2\/media?parent=13767"}],"curies":[{"name":"wp","href":"https:\/\/api.w.org\/{rel}","templated":true}]}}